{"id":42,"date":"2025-08-27T11:59:50","date_gmt":"2025-08-27T09:59:50","guid":{"rendered":"http:\/\/club.algonum.org\/?page_id=42"},"modified":"2025-08-28T12:54:55","modified_gmt":"2025-08-28T10:54:55","slug":"regulamin","status":"publish","type":"page","link":"https:\/\/club.algonum.org\/index.php\/regulamin\/","title":{"rendered":"Regulamin"},"content":{"rendered":"\n<h4 class=\"wp-block-heading\">Regulamin korzystania z us\u0142ug Club Algonum<\/h4>\n\n\n\n<h2 class=\"wp-block-heading\">1. Postanowienia og\u00f3lne<\/h2>\n\n\n\n<ul class=\"wp-block-list\">\n<li>Regulamin okre\u015bla zasady korzystania z us\u0142ug fizjoterapii, masa\u017cu oraz terapii \u015bwiat\u0142em LED \u015bwiadczonych w ramach Club Algonum.<\/li>\n\n\n\n<li>Korzystanie z us\u0142ug jest r\u00f3wnoznaczne z akceptacj\u0105 postanowie\u0144 niniejszego Regulaminu.<\/li>\n<\/ul>\n\n\n\n<h2 class=\"wp-block-heading\">2. Zakres us\u0142ug<\/h2>\n\n\n\n<ul class=\"wp-block-list\">\n<li>Us\u0142ugi obejmuj\u0105 zabiegi fizjoterapeutyczne, masa\u017c relaksacyjny i terapeutyczny oraz sesje terapii \u015bwiat\u0142em LED.<\/li>\n\n\n\n<li>Wszystkie us\u0142ugi \u015bwiadczone s\u0105 zgodnie z aktualn\u0105 wiedz\u0105 medyczn\u0105 i zasadami bezpiecze\u0144stwa.<\/li>\n<\/ul>\n\n\n\n<h2 class=\"wp-block-heading\">3. Rezerwacja i odwo\u0142ania wizyt<\/h2>\n\n\n\n<ul class=\"wp-block-list\">\n<li>Wizyty nale\u017cy rezerwowa\u0107 telefonicznie, online lub osobi\u015bcie.<\/li>\n\n\n\n<li>Odwo\u0142anie wizyty powinno nast\u0105pi\u0107 najp\u00f3\u017aniej 24 godziny przed planowanym terminem. W przeciwnym razie us\u0142uga mo\u017ce zosta\u0107 w pe\u0142ni naliczona.<\/li>\n<\/ul>\n\n\n\n<h2 class=\"wp-block-heading\">4. Przebieg \u015bwiadczenia us\u0142ug<\/h2>\n\n\n\n<ul class=\"wp-block-list\">\n<li>Przed pierwsz\u0105 wizyt\u0105 klient wype\u0142nia ankiet\u0119 zdrowotn\u0105.<\/li>\n\n\n\n<li>Personel mo\u017ce odm\u00f3wi\u0107 wykonania zabiegu w przypadku przeciwwskaza\u0144 zdrowotnych.<\/li>\n\n\n\n<li>Terapia \u015bwiat\u0142em LED nie jest wykonywana u os\u00f3b z rozrusznikiem serca, chorobami nowotworowymi, epilepsj\u0105, w ci\u0105\u017cy oraz przy nadwra\u017cliwo\u015bci na \u015bwiat\u0142o.<\/li>\n<\/ul>\n\n\n\n<h2 class=\"wp-block-heading\">5. Prawa i obowi\u0105zki klienta<\/h2>\n\n\n\n<ul class=\"wp-block-list\">\n<li>Klient zobowi\u0105zany jest do udzielenia prawdziwych informacji o stanie zdrowia.<\/li>\n\n\n\n<li>Klient ma prawo do poszanowania prywatno\u015bci i poufno\u015bci swoich danych.<\/li>\n\n\n\n<li>Zabrania si\u0119 korzystania z us\u0142ug pod wp\u0142ywem alkoholu, narkotyk\u00f3w lub innych \u015brodk\u00f3w odurzaj\u0105cych.<\/li>\n<\/ul>\n\n\n\n<h2 class=\"wp-block-heading\">6. Vouchery, pakiety, p\u0142atno\u015bci<\/h2>\n\n\n\n<ul class=\"wp-block-list\">\n<li>Vouchery oraz pakiety us\u0142ug s\u0105 wa\u017cne przez okres 6 miesi\u0119cy od daty zakupu.<\/li>\n\n\n\n<li>Niewykorzystane w tym czasie trac\u0105 wa\u017cno\u015b\u0107 i nie podlegaj\u0105 zwrotowi.<\/li>\n<\/ul>\n\n\n\n<h2 class=\"wp-block-heading\">7. Zasady porz\u0105dkowe i bezpiecze\u0144stwo<\/h2>\n\n\n\n<ul class=\"wp-block-list\">\n<li>Na terenie obiektu obowi\u0105zuje zakaz palenia tytoniu oraz spo\u017cywania alkoholu.<\/li>\n\n\n\n<li>Za zniszczenia mienia odpowiada osoba, kt\u00f3ra je spowodowa\u0142a.<\/li>\n<\/ul>\n\n\n\n<h2 class=\"wp-block-heading\">8. Ochrona danych osobowych<\/h2>\n\n\n\n<ul class=\"wp-block-list\">\n<li>Dane osobowe klient\u00f3w przetwarzane s\u0105 wy\u0142\u0105cznie w celu realizacji us\u0142ug, zgodnie z przepisami RODO.<\/li>\n\n\n\n<li>Administratorem danych jest w\u0142a\u015bciciel Club Algonum.<\/li>\n<\/ul>\n\n\n\n<h2 class=\"wp-block-heading\">9. Postanowienia ko\u0144cowe<\/h2>\n\n\n\n<ul class=\"wp-block-list\">\n<li>Regulamin obowi\u0105zuje od dnia publikacji na stronie internetowej.<\/li>\n\n\n\n<li>Club Algonum zastrzega sobie prawo do wprowadzania zmian w Regulaminie.<\/li>\n\n\n\n<li>W sprawach nieuregulowanych zastosowanie maj\u0105 przepisy prawa polskiego.<\/li>\n<\/ul>\n\n\n\n<h1 class=\"wp-block-heading\">Ankieta zdrowotna przed pierwsz\u0105 wizyt\u0105<\/h1>\n\n\n\n<ul class=\"wp-block-list\">\n<li>Imi\u0119 i nazwisko: &#8230;&#8230;&#8230;&#8230;&#8230;&#8230;&#8230;&#8230;&#8230;&#8230;&#8230;&#8230;&#8230;&#8230;&#8230;&#8230;..<\/li>\n\n\n\n<li>Data urodzenia: &#8230;&#8230;&#8230;&#8230;&#8230;&#8230;&#8230;&#8230;&#8230;&#8230;&#8230;&#8230;&#8230;&#8230;&#8230;&#8230;..<\/li>\n\n\n\n<li>Telefon \/ e-mail: &#8230;&#8230;&#8230;&#8230;&#8230;&#8230;&#8230;&#8230;&#8230;&#8230;&#8230;&#8230;&#8230;&#8230;&#8230;&#8230;..<\/li>\n\n\n\n<li>Czy choruje Pan\/Pani na choroby przewlek\u0142e? Je\u015bli tak, jakie? &#8230;&#8230;&#8230;&#8230;&#8230;&#8230;&#8230;&#8230;&#8230;&#8230;&#8230;&#8230;&#8230;&#8230;&#8230;&#8230;..<\/li>\n\n\n\n<li>Czy wyst\u0119puj\u0105 przeciwwskazania do masa\u017cu\/fizjoterapii\/terapii LED (ci\u0105\u017ca, nowotwory, epilepsja, rozrusznik serca, stany zapalne, inne)? &#8230;&#8230;&#8230;&#8230;&#8230;&#8230;&#8230;&#8230;&#8230;&#8230;&#8230;&#8230;&#8230;&#8230;&#8230;&#8230;..<\/li>\n\n\n\n<li>Czy przyjmuje Pan\/Pani na sta\u0142e leki? Jakie? &#8230;&#8230;&#8230;&#8230;&#8230;&#8230;&#8230;&#8230;&#8230;&#8230;&#8230;&#8230;&#8230;&#8230;&#8230;&#8230;..<\/li>\n\n\n\n<li>Czy wyst\u0119puje nadwra\u017cliwo\u015b\u0107 na \u015bwiat\u0142o? &#8230;&#8230;&#8230;&#8230;&#8230;&#8230;&#8230;&#8230;&#8230;&#8230;&#8230;&#8230;&#8230;&#8230;&#8230;&#8230;..<\/li>\n\n\n\n<li>Cel wizyty \/ oczekiwania: &#8230;&#8230;&#8230;&#8230;&#8230;&#8230;&#8230;&#8230;&#8230;&#8230;&#8230;&#8230;&#8230;&#8230;&#8230;&#8230;..<\/li>\n\n\n\n<li>O\u015bwiadczam, \u017ce zapozna\u0142em\/am si\u0119 z regulaminem i akceptuj\u0119 jego postanowienia. &#8230;&#8230;&#8230;&#8230;&#8230;&#8230;&#8230;&#8230;&#8230;&#8230;&#8230;&#8230;&#8230;&#8230;&#8230;&#8230;.. (podpis)<\/li>\n<\/ul>\n","protected":false},"excerpt":{"rendered":"<p>Regulamin korzystania z us\u0142ug Club Algonum 1. Postanowienia og\u00f3lne 2. Zakres us\u0142ug 3. Rezerwacja i odwo\u0142ania wizyt 4. Przebieg \u015bwiadczenia us\u0142ug 5. Prawa i obowi\u0105zki klienta 6. Vouchery, pakiety, p\u0142atno\u015bci 7. Zasady porz\u0105dkowe i bezpiecze\u0144stwo 8. Ochrona danych osobowych 9. Postanowienia ko\u0144cowe Ankieta zdrowotna przed pierwsz\u0105 wizyt\u0105<\/p>\n","protected":false},"author":1,"featured_media":0,"parent":0,"menu_order":0,"comment_status":"closed","ping_status":"closed","template":"","meta":{"footnotes":""},"class_list":["post-42","page","type-page","status-publish","hentry"],"aioseo_notices":[],"_links":{"self":[{"href":"https:\/\/club.algonum.org\/index.php\/wp-json\/wp\/v2\/pages\/42","targetHints":{"allow":["GET"]}}],"collection":[{"href":"https:\/\/club.algonum.org\/index.php\/wp-json\/wp\/v2\/pages"}],"about":[{"href":"https:\/\/club.algonum.org\/index.php\/wp-json\/wp\/v2\/types\/page"}],"author":[{"embeddable":true,"href":"https:\/\/club.algonum.org\/index.php\/wp-json\/wp\/v2\/users\/1"}],"replies":[{"embeddable":true,"href":"https:\/\/club.algonum.org\/index.php\/wp-json\/wp\/v2\/comments?post=42"}],"version-history":[{"count":2,"href":"https:\/\/club.algonum.org\/index.php\/wp-json\/wp\/v2\/pages\/42\/revisions"}],"predecessor-version":[{"id":118,"href":"https:\/\/club.algonum.org\/index.php\/wp-json\/wp\/v2\/pages\/42\/revisions\/118"}],"wp:attachment":[{"href":"https:\/\/club.algonum.org\/index.php\/wp-json\/wp\/v2\/media?parent=42"}],"curies":[{"name":"wp","href":"https:\/\/api.w.org\/{rel}","templated":true}]}}