{"id":40,"date":"2025-08-27T11:59:35","date_gmt":"2025-08-27T09:59:35","guid":{"rendered":"http:\/\/club.algonum.org\/?page_id=40"},"modified":"2025-09-11T15:01:24","modified_gmt":"2025-09-11T13:01:24","slug":"ceny","status":"publish","type":"page","link":"https:\/\/club.algonum.org\/index.php\/ceny\/","title":{"rendered":"Ceny"},"content":{"rendered":"\n<p>Basic 1 &#8211; seans jednorazowy (40 min) 110 z\u0142<\/p>\n\n\n\n<figure class=\"wp-block-image size-large\"><a href=\"https:\/\/algonum.org\/produkt\/basic-karnet-nr-1-czlonkostwo-w-club-bio-naprawa-pl\/\"><img loading=\"lazy\" decoding=\"async\" width=\"1024\" height=\"585\" src=\"http:\/\/club.algonum.org\/wp-content\/uploads\/2025\/09\/1-bio-naprawa110-1024x585.jpg\" alt=\"\" class=\"wp-image-139\" srcset=\"https:\/\/club.algonum.org\/wp-content\/uploads\/2025\/09\/1-bio-naprawa110-1024x585.jpg 1024w, https:\/\/club.algonum.org\/wp-content\/uploads\/2025\/09\/1-bio-naprawa110-300x171.jpg 300w, https:\/\/club.algonum.org\/wp-content\/uploads\/2025\/09\/1-bio-naprawa110-768x439.jpg 768w, https:\/\/club.algonum.org\/wp-content\/uploads\/2025\/09\/1-bio-naprawa110.jpg 1050w\" sizes=\"auto, (max-width: 1024px) 100vw, 1024px\" \/><\/a><\/figure>\n\n\n\n<p><a href=\"https:\/\/algonum.org\/produkt\/basic-karnet-nr-1-czlonkostwo-w-club-bio-naprawa-pl\/\" title=\"\">Wybierz plan<\/a><\/p>\n\n\n\n<h3 class=\"wp-block-heading\">Basic<\/h3>\n\n\n\n<p>2 wizyty (40 min) w miesi\u0105cu<\/p>\n\n\n\n<p>199 z\u0142 \/ mc<\/p>\n\n\n\n<ul class=\"wp-block-list\">\n<li>&#x2714; 2 sesje miesi\u0119cznie<\/li>\n\n\n\n<li>&#x2714; Rezerwacja online<\/li>\n\n\n\n<li>&#x2714; Podstawowe konsultacje<\/li>\n<\/ul>\n\n\n\n<figure class=\"wp-block-image size-large\"><a href=\"https:\/\/algonum.org\/produkt\/basic-karnet-nr-2-czlonkostwo-w-club-bio-naprawa-pl\/\"><img loading=\"lazy\" decoding=\"async\" width=\"1024\" height=\"585\" src=\"http:\/\/club.algonum.org\/wp-content\/uploads\/2025\/09\/2-bio-naprawa199-1024x585.jpg\" alt=\"\" class=\"wp-image-140\" srcset=\"https:\/\/club.algonum.org\/wp-content\/uploads\/2025\/09\/2-bio-naprawa199-1024x585.jpg 1024w, https:\/\/club.algonum.org\/wp-content\/uploads\/2025\/09\/2-bio-naprawa199-300x171.jpg 300w, https:\/\/club.algonum.org\/wp-content\/uploads\/2025\/09\/2-bio-naprawa199-768x439.jpg 768w, https:\/\/club.algonum.org\/wp-content\/uploads\/2025\/09\/2-bio-naprawa199.jpg 1050w\" sizes=\"auto, (max-width: 1024px) 100vw, 1024px\" \/><\/a><\/figure>\n\n\n\n<p><a href=\"https:\/\/algonum.org\/produkt\/basic-karnet-nr-2-czlonkostwo-w-club-bio-naprawa-pl\/\" title=\"\">Wybierz plan<\/a><\/p>\n\n\n\n<h3 class=\"wp-block-heading\">Standard<\/h3>\n\n\n\n<p>4 wizyty (40 min) w miesi\u0105cu<\/p>\n\n\n\n<p>349 z\u0142 \/ mc<\/p>\n\n\n\n<ul class=\"wp-block-list\">\n<li>&#x2714; 4 sesje miesi\u0119cznie<\/li>\n\n\n\n<li>&#x2714; Konsultacja suplementacyjna<\/li>\n\n\n\n<li>&#x2714; Priorytetowe terminy<\/li>\n<\/ul>\n\n\n\n<figure class=\"wp-block-image size-large\"><a href=\"https:\/\/algonum.org\/produkt\/basic-karnet-nr-4-czlonkostwo-w-club-bio-naprawa-pl\/\"><img loading=\"lazy\" decoding=\"async\" width=\"1024\" height=\"585\" src=\"http:\/\/club.algonum.org\/wp-content\/uploads\/2025\/09\/4-bio-naprawa349-1024x585.jpg\" alt=\"\" class=\"wp-image-141\" srcset=\"https:\/\/club.algonum.org\/wp-content\/uploads\/2025\/09\/4-bio-naprawa349-1024x585.jpg 1024w, https:\/\/club.algonum.org\/wp-content\/uploads\/2025\/09\/4-bio-naprawa349-300x171.jpg 300w, https:\/\/club.algonum.org\/wp-content\/uploads\/2025\/09\/4-bio-naprawa349-768x439.jpg 768w, https:\/\/club.algonum.org\/wp-content\/uploads\/2025\/09\/4-bio-naprawa349.jpg 1050w\" sizes=\"auto, (max-width: 1024px) 100vw, 1024px\" \/><\/a><\/figure>\n\n\n\n<p><a href=\"https:\/\/algonum.org\/produkt\/basic-karnet-nr-4-czlonkostwo-w-club-bio-naprawa-pl\/\" title=\"\">Wybierz plan<\/a><\/p>\n\n\n\n<h3 class=\"wp-block-heading\">Premium<\/h3>\n\n\n\n<p>8 wizyt (40 min) w miesi\u0105cu<\/p>\n\n\n\n<p>599 z\u0142 \/ mc<\/p>\n\n\n\n<ul class=\"wp-block-list\">\n<li>&#x2714; 8 sesji miesi\u0119cznie<\/li>\n\n\n\n<li>&#x2714; Indywidualny plan regeneracji<\/li>\n\n\n\n<li>&#x2714; Premium obs\u0142uga<\/li>\n<\/ul>\n\n\n\n<figure class=\"wp-block-image size-large\"><a href=\"https:\/\/algonum.org\/produkt\/basic-karnet-nr-8-czlonkostwo-w-club-bio-naprawa-pl\/\"><img loading=\"lazy\" decoding=\"async\" width=\"1024\" height=\"585\" src=\"http:\/\/club.algonum.org\/wp-content\/uploads\/2025\/09\/8-bio-naprawa599-1024x585.jpg\" alt=\"\" class=\"wp-image-142\" srcset=\"https:\/\/club.algonum.org\/wp-content\/uploads\/2025\/09\/8-bio-naprawa599-1024x585.jpg 1024w, https:\/\/club.algonum.org\/wp-content\/uploads\/2025\/09\/8-bio-naprawa599-300x171.jpg 300w, https:\/\/club.algonum.org\/wp-content\/uploads\/2025\/09\/8-bio-naprawa599-768x439.jpg 768w, https:\/\/club.algonum.org\/wp-content\/uploads\/2025\/09\/8-bio-naprawa599.jpg 1050w\" sizes=\"auto, (max-width: 1024px) 100vw, 1024px\" \/><\/a><\/figure>\n\n\n\n<p><a href=\"https:\/\/algonum.org\/produkt\/basic-karnet-nr-8-czlonkostwo-w-club-bio-naprawa-pl\/\" title=\"\">Wybierz plan<\/a><\/p>\n\n\n\n<p>&#x1f449; Kupuj\u0105c&nbsp;<strong>6 lub 12 miesi\u0119cy<\/strong>&nbsp;z g\u00f3ry, oszcz\u0119dzasz&nbsp;<strong>50 z\u0142 miesi\u0119cznie<\/strong>!<\/p>\n\n\n\n<p><\/p>\n","protected":false},"excerpt":{"rendered":"<p>Basic 1 &#8211; seans jednorazowy (40 min) 110 z\u0142 Wybierz plan Basic 2 wizyty (40 min) w miesi\u0105cu 199 z\u0142 \/ mc Wybierz plan Standard 4 wizyty (40 min) w miesi\u0105cu 349 z\u0142 \/ mc Wybierz plan Premium 8 wizyt (40 min) w miesi\u0105cu 599 z\u0142 \/ mc Wybierz plan &#x1f449; Kupuj\u0105c&nbsp;6 lub 12 miesi\u0119cy&nbsp;z [&hellip;]<\/p>\n","protected":false},"author":1,"featured_media":0,"parent":0,"menu_order":0,"comment_status":"closed","ping_status":"closed","template":"","meta":{"footnotes":""},"class_list":["post-40","page","type-page","status-publish","hentry"],"aioseo_notices":[],"_links":{"self":[{"href":"https:\/\/club.algonum.org\/index.php\/wp-json\/wp\/v2\/pages\/40","targetHints":{"allow":["GET"]}}],"collection":[{"href":"https:\/\/club.algonum.org\/index.php\/wp-json\/wp\/v2\/pages"}],"about":[{"href":"https:\/\/club.algonum.org\/index.php\/wp-json\/wp\/v2\/types\/page"}],"author":[{"embeddable":true,"href":"https:\/\/club.algonum.org\/index.php\/wp-json\/wp\/v2\/users\/1"}],"replies":[{"embeddable":true,"href":"https:\/\/club.algonum.org\/index.php\/wp-json\/wp\/v2\/comments?post=40"}],"version-history":[{"count":6,"href":"https:\/\/club.algonum.org\/index.php\/wp-json\/wp\/v2\/pages\/40\/revisions"}],"predecessor-version":[{"id":144,"href":"https:\/\/club.algonum.org\/index.php\/wp-json\/wp\/v2\/pages\/40\/revisions\/144"}],"wp:attachment":[{"href":"https:\/\/club.algonum.org\/index.php\/wp-json\/wp\/v2\/media?parent=40"}],"curies":[{"name":"wp","href":"https:\/\/api.w.org\/{rel}","templated":true}]}}