{"id":38,"date":"2025-08-27T11:59:18","date_gmt":"2025-08-27T09:59:18","guid":{"rendered":"http:\/\/club.algonum.org\/?page_id=38"},"modified":"2025-08-27T15:34:07","modified_gmt":"2025-08-27T13:34:07","slug":"klub","status":"publish","type":"page","link":"https:\/\/club.algonum.org\/index.php\/klub\/","title":{"rendered":"Klub"},"content":{"rendered":"\n<p>Jeste\u015b zainteresowany przyst\u0105pieniem do Klubu?&nbsp;<a href=\"mailto:bionaprawa@gmail.com\">Napisz do nas.<\/a><\/p>\n\n\n\n<p>Kontakt telefoniczny jest mo\u017cliwy dla Klubowicz\u00f3w \u2013 dedykowany Opiekun.<\/p>\n\n\n\n<p>Klubowicze zyskuj\u0105 dodatkowe korzy\u015bci, opiek\u0119, doradztwo, indywidualny plan regeneracji, napisz do nas, prze\u015blemy szczeg\u00f3\u0142y.<\/p>\n\n\n\n<p>Operatorem Klubu jest <a href=\"https:\/\/algonum.org\" data-type=\"link\" data-id=\"https:\/\/algonum.org\">algonum ltd.<\/a><\/p>\n\n\n\n<p><\/p>\n","protected":false},"excerpt":{"rendered":"<p>Jeste\u015b zainteresowany przyst\u0105pieniem do Klubu?&nbsp;Napisz do nas. Kontakt telefoniczny jest mo\u017cliwy dla Klubowicz\u00f3w \u2013 dedykowany Opiekun. Klubowicze zyskuj\u0105 dodatkowe korzy\u015bci, opiek\u0119, doradztwo, indywidualny plan regeneracji, napisz do nas, prze\u015blemy szczeg\u00f3\u0142y. Operatorem Klubu jest algonum ltd.<\/p>\n","protected":false},"author":1,"featured_media":0,"parent":0,"menu_order":0,"comment_status":"closed","ping_status":"closed","template":"","meta":{"footnotes":""},"class_list":["post-38","page","type-page","status-publish","hentry"],"aioseo_notices":[],"_links":{"self":[{"href":"https:\/\/club.algonum.org\/index.php\/wp-json\/wp\/v2\/pages\/38","targetHints":{"allow":["GET"]}}],"collection":[{"href":"https:\/\/club.algonum.org\/index.php\/wp-json\/wp\/v2\/pages"}],"about":[{"href":"https:\/\/club.algonum.org\/index.php\/wp-json\/wp\/v2\/types\/page"}],"author":[{"embeddable":true,"href":"https:\/\/club.algonum.org\/index.php\/wp-json\/wp\/v2\/users\/1"}],"replies":[{"embeddable":true,"href":"https:\/\/club.algonum.org\/index.php\/wp-json\/wp\/v2\/comments?post=38"}],"version-history":[{"count":3,"href":"https:\/\/club.algonum.org\/index.php\/wp-json\/wp\/v2\/pages\/38\/revisions"}],"predecessor-version":[{"id":106,"href":"https:\/\/club.algonum.org\/index.php\/wp-json\/wp\/v2\/pages\/38\/revisions\/106"}],"wp:attachment":[{"href":"https:\/\/club.algonum.org\/index.php\/wp-json\/wp\/v2\/media?parent=38"}],"curies":[{"name":"wp","href":"https:\/\/api.w.org\/{rel}","templated":true}]}}