{"id":36,"date":"2025-08-27T11:59:06","date_gmt":"2025-08-27T09:59:06","guid":{"rendered":"http:\/\/club.algonum.org\/?page_id=36"},"modified":"2025-08-28T11:35:01","modified_gmt":"2025-08-28T09:35:01","slug":"umow-sie","status":"publish","type":"page","link":"https:\/\/club.algonum.org\/index.php\/umow-sie\/","title":{"rendered":"Um\u00f3w si\u0119"},"content":{"rendered":"\n<p><a href=\"mailto:bionaprawa@gmail.com\" data-type=\"mailto\" data-id=\"mailto:bionaprawa@gmail.com\">Napisz do nas<\/a>, to najszybsza i najefektywniejsza forma um\u00f3wienia si\u0119.<\/p>\n\n\n\n<p>Napisz kiedy chcesz si\u0119 um\u00f3wi\u0107, data i godzina, podaj kontakt do siebie, odezwiemy si\u0119 z potwierdzeniem.<\/p>\n\n\n\n<p class=\"has-text-align-center\"><a href=\"mailto:bionaprawa@gmail.com\">NAPISZ<\/a><\/p>\n\n\n\n<p>Kontakt telefoniczny jest mo\u017cliwy dla Klubowicz\u00f3w &#8211; dedykowany Opiekun.<\/p>\n\n\n\n<p>Jeste\u015b zainteresowany przyst\u0105pieniem do Klubu? <a href=\"mailto:bionaprawa@gmail.com\">Napisz do nas<\/a><\/p>\n\n\n\n<p>Nasze lokalizacje, wizyta tylko po wcze\u015bniejszym potwierdzonym um\u00f3wieniu si\u0119, zapraszamy serdecznie!<\/p>\n\n\n\n<p class=\"has-text-align-center\">Adres:<\/p>\n\n\n\n<p><strong>Tczew<\/strong> &#8211; <strong>BiO Naprawa <\/strong>ul. 30 Stycznia 40, 83-110 Tczew, e-mail: <a href=\"mailto:tczew@algonum.org\">tczew@algonum.org<\/a><\/p>\n\n\n\n<p><strong>Jak trafi\u0107? <\/strong><\/p>\n\n\n\n<p>Kieruj si\u0119 w stron\u0119 stacji paliw OIL &amp; GAZ (czerwona), wje\u017cd\u017casz w podw\u00f3rko za stacj\u0105 (tam gdzie s\u0105 auto serwis i stacja kontroli pojazd\u00f3w), za bram\u0105 po lewej jest parking, tu pozostaw auto (parking dla Klient\u00f3w jest bezp\u0142atny), dalej zapraszamy schodami na pi\u0119tro nad stacj\u0105 paliw, tam si\u0119 znajdujemy, szczeg\u00f3\u0142y znajdziesz na oznakowaniach po drodze.<\/p>\n\n\n\n<div class=\"wp-block-columns is-layout-flex wp-container-core-columns-is-layout-28f84493 wp-block-columns-is-layout-flex\">\n<div class=\"wp-block-column is-vertically-aligned-center is-layout-flow wp-block-column-is-layout-flow\">\n<iframe src=\"https:\/\/www.google.com\/maps\/embed?pb=!1m23!1m12!1m3!1d74918.08107106903!2d18.69459203437008!3d54.07037324660263!2m3!1f0!2f0!3f0!3m2!1i1024!2i768!4f13.1!4m8!3e6!4m0!4m5!1s0x46fd616c95caf861%3A0xb4478cfdfb1fc8bb!2s30%20Stycznia%2040%2C%2083-110%20Tczew!3m2!1d54.070401399999994!2d18.776992099999998!5e0!3m2!1spl!2spl!4v1756373632139!5m2!1spl!2spl\" width=\"600\" height=\"450\" style=\"border:0;\" allowfullscreen=\"\" loading=\"lazy\" referrerpolicy=\"no-referrer-when-downgrade\"><\/iframe>\n<\/div>\n<\/div>\n\n\n\n<p><\/p>\n","protected":false},"excerpt":{"rendered":"<p>Napisz do nas, to najszybsza i najefektywniejsza forma um\u00f3wienia si\u0119. Napisz kiedy chcesz si\u0119 um\u00f3wi\u0107, data i godzina, podaj kontakt do siebie, odezwiemy si\u0119 z potwierdzeniem. NAPISZ Kontakt telefoniczny jest mo\u017cliwy dla Klubowicz\u00f3w &#8211; dedykowany Opiekun. Jeste\u015b zainteresowany przyst\u0105pieniem do Klubu? Napisz do nas Nasze lokalizacje, wizyta tylko po wcze\u015bniejszym potwierdzonym um\u00f3wieniu si\u0119, zapraszamy serdecznie! [&hellip;]<\/p>\n","protected":false},"author":1,"featured_media":0,"parent":0,"menu_order":0,"comment_status":"closed","ping_status":"closed","template":"","meta":{"footnotes":""},"class_list":["post-36","page","type-page","status-publish","hentry"],"aioseo_notices":[],"_links":{"self":[{"href":"https:\/\/club.algonum.org\/index.php\/wp-json\/wp\/v2\/pages\/36","targetHints":{"allow":["GET"]}}],"collection":[{"href":"https:\/\/club.algonum.org\/index.php\/wp-json\/wp\/v2\/pages"}],"about":[{"href":"https:\/\/club.algonum.org\/index.php\/wp-json\/wp\/v2\/types\/page"}],"author":[{"embeddable":true,"href":"https:\/\/club.algonum.org\/index.php\/wp-json\/wp\/v2\/users\/1"}],"replies":[{"embeddable":true,"href":"https:\/\/club.algonum.org\/index.php\/wp-json\/wp\/v2\/comments?post=36"}],"version-history":[{"count":7,"href":"https:\/\/club.algonum.org\/index.php\/wp-json\/wp\/v2\/pages\/36\/revisions"}],"predecessor-version":[{"id":110,"href":"https:\/\/club.algonum.org\/index.php\/wp-json\/wp\/v2\/pages\/36\/revisions\/110"}],"wp:attachment":[{"href":"https:\/\/club.algonum.org\/index.php\/wp-json\/wp\/v2\/media?parent=36"}],"curies":[{"name":"wp","href":"https:\/\/api.w.org\/{rel}","templated":true}]}}