{"id":10,"date":"2025-08-27T11:30:41","date_gmt":"2025-08-27T09:30:41","guid":{"rendered":"http:\/\/club.algonum.org\/?page_id=10"},"modified":"2025-08-27T15:32:35","modified_gmt":"2025-08-27T13:32:35","slug":"strona-domowa","status":"publish","type":"page","link":"http:\/\/club.algonum.org\/","title":{"rendered":"Nowoczesne technologie i naturalne metody"},"content":{"rendered":"\n<blockquote class=\"wp-block-quote is-layout-flow wp-block-quote-is-layout-flow\">\n<p><mark style=\"background-color:#cf2e2e\" class=\"has-inline-color has-base-color\">miejsce gdzie si\u0119 Naprawisz<\/mark><\/p>\n<\/blockquote>\n\n\n\n<div class=\"wp-block-group alignfull has-global-padding is-layout-constrained wp-container-core-group-is-layout-45b0ac4f wp-block-group-is-layout-constrained\" id=\"services\" style=\"padding-top:144px;padding-bottom:0px\">\n<figure class=\"wp-block-gallery has-nested-images columns-default is-cropped wp-block-gallery-1 is-layout-flex wp-block-gallery-is-layout-flex\">\n<figure class=\"wp-block-image size-large\"><img loading=\"lazy\" decoding=\"async\" width=\"800\" height=\"300\" data-id=\"57\" src=\"http:\/\/club.algonum.org\/wp-content\/uploads\/2025\/08\/1xyz.webp\" alt=\"\" class=\"wp-image-57\" srcset=\"http:\/\/club.algonum.org\/wp-content\/uploads\/2025\/08\/1xyz.webp 800w, http:\/\/club.algonum.org\/wp-content\/uploads\/2025\/08\/1xyz-300x113.webp 300w, http:\/\/club.algonum.org\/wp-content\/uploads\/2025\/08\/1xyz-768x288.webp 768w\" sizes=\"auto, (max-width: 800px) 100vw, 800px\" \/><\/figure>\n\n\n\n<figure class=\"wp-block-image size-large\"><img loading=\"lazy\" decoding=\"async\" width=\"800\" height=\"306\" data-id=\"56\" src=\"http:\/\/club.algonum.org\/wp-content\/uploads\/2025\/08\/2xyz.webp\" alt=\"\" class=\"wp-image-56\" srcset=\"http:\/\/club.algonum.org\/wp-content\/uploads\/2025\/08\/2xyz.webp 800w, http:\/\/club.algonum.org\/wp-content\/uploads\/2025\/08\/2xyz-300x115.webp 300w, http:\/\/club.algonum.org\/wp-content\/uploads\/2025\/08\/2xyz-768x294.webp 768w\" sizes=\"auto, (max-width: 800px) 100vw, 800px\" \/><\/figure>\n\n\n\n<figure class=\"wp-block-image size-large\"><img loading=\"lazy\" decoding=\"async\" width=\"1024\" height=\"392\" data-id=\"59\" src=\"http:\/\/club.algonum.org\/wp-content\/uploads\/2025\/08\/4xyz-1024x392.webp\" alt=\"\" class=\"wp-image-59\" srcset=\"http:\/\/club.algonum.org\/wp-content\/uploads\/2025\/08\/4xyz-1024x392.webp 1024w, http:\/\/club.algonum.org\/wp-content\/uploads\/2025\/08\/4xyz-300x115.webp 300w, http:\/\/club.algonum.org\/wp-content\/uploads\/2025\/08\/4xyz-768x294.webp 768w, http:\/\/club.algonum.org\/wp-content\/uploads\/2025\/08\/4xyz-1536x588.webp 1536w, http:\/\/club.algonum.org\/wp-content\/uploads\/2025\/08\/4xyz-2048x784.webp 2048w\" sizes=\"auto, (max-width: 1024px) 100vw, 1024px\" \/><\/figure>\n\n\n\n<figure class=\"wp-block-image size-large\"><img loading=\"lazy\" decoding=\"async\" width=\"800\" height=\"388\" data-id=\"58\" src=\"http:\/\/club.algonum.org\/wp-content\/uploads\/2025\/08\/3xyz.webp\" alt=\"\" class=\"wp-image-58\" srcset=\"http:\/\/club.algonum.org\/wp-content\/uploads\/2025\/08\/3xyz.webp 800w, http:\/\/club.algonum.org\/wp-content\/uploads\/2025\/08\/3xyz-300x146.webp 300w, http:\/\/club.algonum.org\/wp-content\/uploads\/2025\/08\/3xyz-768x372.webp 768w\" sizes=\"auto, (max-width: 800px) 100vw, 800px\" \/><\/figure>\n<\/figure>\n<\/div>\n\n\n\n<div class=\"wp-block-group alignfull has-ast-global-color-5-background-color has-background has-global-padding is-layout-constrained wp-container-core-group-is-layout-9cedb757 wp-block-group-is-layout-constrained\" style=\"padding-bottom:0px\">\n<div class=\"wp-block-columns are-vertically-aligned-top is-layout-flex wp-container-core-columns-is-layout-00723822 wp-block-columns-is-layout-flex\">\n<div class=\"wp-block-column is-vertically-aligned-top is-layout-flow wp-container-core-column-is-layout-6b73ce23 wp-block-column-is-layout-flow\">\n<figure class=\"wp-block-image aligncenter size-large\"><img decoding=\"async\" src=\"http:\/\/club.algonum.org\/wp-content\/themes\/astra\/inc\/assets\/images\/starter-content\/building.svg\" alt=\"\" class=\"wp-image-134\"\/><\/figure>\n\n\n\n<h3 class=\"wp-block-heading has-text-align-left\" style=\"margin-top:16px\">Jak trafi\u0107?<\/h3>\n\n\n\n<p class=\"has-text-align-left\">przejd\u017a i sprawd\u017a mapy lokalizacji salon\u00f3w regeneracji, <a href=\"http:\/\/club.algonum.org\/index.php\/umow-sie\/\" data-type=\"page\" data-id=\"36\">Kontakt<\/a><\/p>\n<\/div>\n\n\n\n<div class=\"wp-block-column is-vertically-aligned-top is-layout-flow wp-container-core-column-is-layout-6b73ce23 wp-block-column-is-layout-flow\">\n<figure class=\"wp-block-image aligncenter size-large\"><img decoding=\"async\" src=\"http:\/\/club.algonum.org\/wp-content\/themes\/astra\/inc\/assets\/images\/starter-content\/shopping-bag.svg\" alt=\"\" class=\"wp-image-135\"\/><\/figure>\n\n\n\n<h3 class=\"wp-block-heading has-text-align-left\" style=\"margin-top:16px\">Ile to kosztuje?<\/h3>\n\n\n\n<p class=\"has-text-align-left\">przejd\u017a i sprawd\u017a aktualne ceny i zakres oferty, <a href=\"http:\/\/club.algonum.org\/index.php\/ceny\/\" data-type=\"page\" data-id=\"40\">Przejd\u017a<\/a><\/p>\n<\/div>\n\n\n\n<div class=\"wp-block-column is-vertically-aligned-top is-layout-flow wp-container-core-column-is-layout-6b73ce23 wp-block-column-is-layout-flow\">\n<figure class=\"wp-block-image aligncenter size-large\"><img decoding=\"async\" src=\"http:\/\/club.algonum.org\/wp-content\/themes\/astra\/inc\/assets\/images\/starter-content\/blog.svg\" alt=\"\" class=\"wp-image-136\"\/><\/figure>\n\n\n\n<h3 class=\"wp-block-heading has-text-align-left\" style=\"margin-top:16px\">Jak si\u0119 um\u00f3wi\u0107?<\/h3>\n\n\n\n<p class=\"has-text-align-left\">przejd\u017a i sprawd\u017a kalendarz, um\u00f3w si\u0119 w dogodnej dacie, <a href=\"http:\/\/club.algonum.org\/index.php\/umow-sie\/\" data-type=\"page\" data-id=\"36\">Um\u00f3w si\u0119<\/a><\/p>\n<\/div>\n\n\n\n<div class=\"wp-block-column is-vertically-aligned-top is-layout-flow wp-container-core-column-is-layout-6b73ce23 wp-block-column-is-layout-flow\">\n<figure class=\"wp-block-image aligncenter size-large\"><img decoding=\"async\" src=\"http:\/\/club.algonum.org\/wp-content\/themes\/astra\/inc\/assets\/images\/starter-content\/portfolio.svg\" alt=\"\" class=\"wp-image-137\"\/><\/figure>\n\n\n\n<h3 class=\"wp-block-heading has-text-align-left\" style=\"margin-top:16px\">Jak do\u0142\u0105czy\u0107?<\/h3>\n\n\n\n<p class=\"has-text-align-left\">przejd\u017a i dowiedz si\u0119 jak zosta\u0107 Klubowiczem, skorzystaj ze specjalnej oferty  i warunk\u00f3w <a href=\"http:\/\/club.algonum.org\/index.php\/klub\/\" data-type=\"page\" data-id=\"38\">Sprawd\u017a<\/a><\/p>\n<\/div>\n<\/div>\n<\/div>\n\n\n\n<div class=\"wp-block-group alignfull has-global-padding is-layout-constrained wp-container-core-group-is-layout-45b0ac4f wp-block-group-is-layout-constrained\" id=\"services\" style=\"padding-top:144px;padding-bottom:0px\">\n<h2 class=\"wp-block-heading\">Czym s\u0142u\u017cymy?<\/h2>\n\n\n\n<div class=\"wp-block-columns is-layout-flex wp-container-core-columns-is-layout-60cbf9bb wp-block-columns-is-layout-flex\" style=\"margin-top:50px\">\n<div class=\"wp-block-column is-layout-flow wp-container-core-column-is-layout-6b73ce23 wp-block-column-is-layout-flow\">\n<figure class=\"wp-block-image size-full\"><img loading=\"lazy\" decoding=\"async\" width=\"477\" height=\"399\" src=\"http:\/\/club.algonum.org\/wp-content\/uploads\/2025\/08\/impuls-mtrs.png\" alt=\"\" class=\"wp-image-101\" srcset=\"http:\/\/club.algonum.org\/wp-content\/uploads\/2025\/08\/impuls-mtrs.png 477w, http:\/\/club.algonum.org\/wp-content\/uploads\/2025\/08\/impuls-mtrs-300x251.png 300w\" sizes=\"auto, (max-width: 477px) 100vw, 477px\" \/><\/figure>\n\n\n\n<h3 class=\"wp-block-heading\" style=\"margin-top:16px\">Energia impulsu, Naprawa kr\u0119gos\u0142upa i nie tylko<\/h3>\n\n\n\n<p>Mata \/ elektrostymulacja, elektro &#8211; akupunktura, rolki, NIemiecka certyfikowana medycznie technologia oparta o tradycyjn\u0105 medycyn\u0119 Chi\u0144ska. Wzmacnianie i budowa mi\u0119\u015bni g\u0142\u0119bokich, szkieletowych w tym dna miednicy. Zwalnianie blokad. Mobilizacja limfy i normalizacja gospodarki hormonalnej. Likwiduje b\u00f3le plec\u00f3w i kr\u0119gos\u0142upa, wzmacnia mi\u0119\u015bnie. Wi\u0119cej o zasadzie dzia\u0142ania oraz oddzia\u0142ywaniu na organizm na stronie producenta technologii, <a href=\"https:\/\/www.schwa-medico.com\/de\/loesungen\/stimawell-multimodales-therapiesystem\" data-type=\"link\" data-id=\"https:\/\/www.schwa-medico.com\/de\/loesungen\/stimawell-multimodales-therapiesystem\">przejd\u017a i si\u0119 zapoznaj.<\/a><\/p>\n<\/div>\n\n\n\n<div class=\"wp-block-column is-layout-flow wp-container-core-column-is-layout-6b73ce23 wp-block-column-is-layout-flow\">\n<figure class=\"wp-block-image size-full\"><img loading=\"lazy\" decoding=\"async\" width=\"409\" height=\"371\" src=\"http:\/\/club.algonum.org\/wp-content\/uploads\/2025\/08\/1xyz.png\" alt=\"\" class=\"wp-image-44\" srcset=\"http:\/\/club.algonum.org\/wp-content\/uploads\/2025\/08\/1xyz.png 409w, http:\/\/club.algonum.org\/wp-content\/uploads\/2025\/08\/1xyz-300x272.png 300w\" sizes=\"auto, (max-width: 409px) 100vw, 409px\" \/><\/figure>\n\n\n\n<h3 class=\"wp-block-heading\" style=\"margin-top:16px\">Energia \u015bwiat\u0142a, Naprawa i \u0142adowanie mitochondrium<\/h3>\n\n\n\n<p>Mitochondrium &#8211; tzw. akumulatory energii witalnej ulokowane w kom\u00f3rkach. Technologia specjalnych medycznie certyfikowanych lamp LED z USA, Wp\u0142ywa korzystnie na melatonin\u0119 i mitochondrium, a tak\u017ce podnosi poziom witaminy D. Zapobiega zjawiskom depresyjnym w okresie jesienno &#8211; zimowym. Podnosi og\u00f3lne dobre samopoczucie i naturaln\u0105 odporno\u015b\u0107 organizmu. Wi\u0119cej o zasadzie dzia\u0142ania oraz oddzia\u0142ywaniu na organizm na stronie producenta technologii, <a href=\"https:\/\/getchroma.co\/blogs\/learn\/red-light-therapy-for-mitochondrial-support\" data-type=\"link\" data-id=\"https:\/\/getchroma.co\/blogs\/learn\/red-light-therapy-for-mitochondrial-support\">przejd\u017a i si\u0119 zapoznaj.<\/a><\/p>\n<\/div>\n\n\n\n<div class=\"wp-block-column is-layout-flow wp-container-core-column-is-layout-6b73ce23 wp-block-column-is-layout-flow\">\n<figure class=\"wp-block-image size-full\"><img loading=\"lazy\" decoding=\"async\" width=\"600\" height=\"800\" src=\"http:\/\/club.algonum.org\/wp-content\/uploads\/2025\/08\/suplementy.png\" alt=\"\" class=\"wp-image-46\" srcset=\"http:\/\/club.algonum.org\/wp-content\/uploads\/2025\/08\/suplementy.png 600w, http:\/\/club.algonum.org\/wp-content\/uploads\/2025\/08\/suplementy-225x300.png 225w\" sizes=\"auto, (max-width: 600px) 100vw, 600px\" \/><\/figure>\n\n\n\n<h3 class=\"wp-block-heading\" style=\"margin-top:16px\">Energia ro\u015blin, Wsparcie Naprawy organizmu<\/h3>\n\n\n\n<p>Odpowiednio dobrane suplementy np.: NAD+, Viatmian C, Curcumina, dost\u0119pne offline podczas wizyty, oraz w naszym sklepie online, przejd\u017a. Tak gdzie jest to wymagane suplementy s\u0105 realizowane przez certyfikowanego specjalist\u0119. Suplementy pochodz\u0105 od sprawdzonych producent\u00f3w i dostawc\u00f3w. Opieramy si\u0119 tylna na naturalnych i sprawdzonych wyci\u0105gach. Opisy i oferta w <a href=\"http:\/\/club.algonum.org\/index.php\/ceny\/\" data-type=\"page\" data-id=\"40\">Sklepie<\/a><\/p>\n<\/div>\n<\/div>\n<\/div>\n\n\n\n<div class=\"wp-block-group alignfull has-global-padding is-layout-constrained wp-container-core-group-is-layout-3fee123f wp-block-group-is-layout-constrained\" id=\"whyus\" style=\"padding-top:144px;padding-bottom:144px\">\n<h2 class=\"wp-block-heading\">Co nas odr\u00f3\u017cnia?<\/h2>\n\n\n\n<div class=\"wp-block-columns is-layout-flex wp-container-core-columns-is-layout-29aadeec wp-block-columns-is-layout-flex\" style=\"margin-top:60px\">\n<div class=\"wp-block-column is-layout-flow wp-container-core-column-is-layout-6b73ce23 wp-block-column-is-layout-flow\">\n<figure class=\"wp-block-image aligncenter size-large\"><img decoding=\"async\" src=\"http:\/\/club.algonum.org\/wp-content\/themes\/astra\/inc\/assets\/images\/starter-content\/passionate.svg\" alt=\"\" class=\"wp-image-162\"\/><\/figure>\n\n\n\n<h3 class=\"wp-block-heading\" style=\"margin-top:16px\">Dla Klienta<\/h3>\n\n\n\n<p>Jeste\u015bmy tu dla Ciebie, jak co\u015b nie gra czy \u017cyczysz czego\u015b sobie, <a href=\"mailto:bionaprawa@gmail.com\" data-type=\"mailto\" data-id=\"mailto:bionaprawa@gmail.com\">Napisz<\/a><\/p>\n<\/div>\n\n\n\n<div class=\"wp-block-column is-layout-flow wp-container-core-column-is-layout-6b73ce23 wp-block-column-is-layout-flow\">\n<figure class=\"wp-block-image aligncenter size-large\"><img decoding=\"async\" src=\"http:\/\/club.algonum.org\/wp-content\/themes\/astra\/inc\/assets\/images\/starter-content\/professional.svg\" alt=\"\" class=\"wp-image-163\"\/><\/figure>\n\n\n\n<h3 class=\"wp-block-heading\" style=\"margin-top:16px\">Profesjonalizm<\/h3>\n\n\n\n<p>Znajdziesz tu us\u0142ugi profesjonalne, tam gdzie jest to wymagane obs\u0142uga posiada stosowne uprawnienia, masz pytania? <a href=\"mailto:bionaprawa@gmail.com\" data-type=\"mailto\" data-id=\"mailto:bionaprawa@gmail.com\">Napisz<\/a><\/p>\n<\/div>\n\n\n\n<div class=\"wp-block-column is-layout-flow wp-container-core-column-is-layout-6b73ce23 wp-block-column-is-layout-flow\">\n<figure class=\"wp-block-image aligncenter size-large\"><img decoding=\"async\" src=\"http:\/\/club.algonum.org\/wp-content\/themes\/astra\/inc\/assets\/images\/starter-content\/support.svg\" alt=\"\" class=\"wp-image-164\"\/><\/figure>\n\n\n\n<h3 class=\"wp-block-heading\" style=\"margin-top:16px\">Wsparcie<\/h3>\n\n\n\n<p>Klubowicze posiadaj\u0105 dodatkowe wsparcie w postaci dodatkowych konsultacji, opracowanie i prowadzenia planu regeneracji, <a href=\"http:\/\/club.algonum.org\/index.php\/klub\/\" data-type=\"page\" data-id=\"38\">zobacz szczeg\u00f3\u0142y<\/a><\/p>\n<\/div>\n<\/div>\n<\/div>\n\n\n\n<div class=\"wp-block-group alignfull has-luminous-dusk-gradient-background has-background has-global-padding is-layout-constrained wp-container-core-group-is-layout-cfcca693 wp-block-group-is-layout-constrained\" id=\"contact\" style=\"padding-top:104px;padding-bottom:104px\">\n<p class=\"has-text-align-center\"><strong>Regeneracja przebiega indywidualnie (jeste\u015b sam) przy relaksuj\u0105cej muzyce i koj\u0105cej aromaterapii<\/strong><\/p>\n\n\n\n<h2 class=\"wp-block-heading has-text-align-center has-text-color\" style=\"color:#ffffff\">Zapraszamy, pierwsza wizyta testowa jest bezp\u0142atna!<\/h2>\n\n\n\n<div class=\"wp-block-buttons alignwide is-horizontal is-content-justification-center is-layout-flex wp-container-core-buttons-is-layout-bba8380a wp-block-buttons-is-layout-flex\" style=\"margin-top:50px\">\n<div class=\"wp-block-button\"><a class=\"wp-block-button__link wp-element-button\" href=\"mailto:bionaprawa@gmail.com\">Um\u00f3w si\u0119<\/a><\/div>\n<\/div>\n<\/div>\n","protected":false},"excerpt":{"rendered":"<p>miejsce gdzie si\u0119 Naprawisz Jak trafi\u0107? przejd\u017a i sprawd\u017a mapy lokalizacji salon\u00f3w regeneracji, Kontakt Ile to kosztuje? przejd\u017a i sprawd\u017a aktualne ceny i zakres oferty, Przejd\u017a Jak si\u0119 um\u00f3wi\u0107? przejd\u017a i sprawd\u017a kalendarz, um\u00f3w si\u0119 w dogodnej dacie, Um\u00f3w si\u0119 Jak do\u0142\u0105czy\u0107? przejd\u017a i dowiedz si\u0119 jak zosta\u0107 Klubowiczem, skorzystaj ze specjalnej oferty i warunk\u00f3w [&hellip;]<\/p>\n","protected":false},"author":1,"featured_media":0,"parent":0,"menu_order":0,"comment_status":"closed","ping_status":"closed","template":"","meta":{"footnotes":""},"class_list":["post-10","page","type-page","status-publish","hentry"],"aioseo_notices":[],"_links":{"self":[{"href":"http:\/\/club.algonum.org\/index.php\/wp-json\/wp\/v2\/pages\/10","targetHints":{"allow":["GET"]}}],"collection":[{"href":"http:\/\/club.algonum.org\/index.php\/wp-json\/wp\/v2\/pages"}],"about":[{"href":"http:\/\/club.algonum.org\/index.php\/wp-json\/wp\/v2\/types\/page"}],"author":[{"embeddable":true,"href":"http:\/\/club.algonum.org\/index.php\/wp-json\/wp\/v2\/users\/1"}],"replies":[{"embeddable":true,"href":"http:\/\/club.algonum.org\/index.php\/wp-json\/wp\/v2\/comments?post=10"}],"version-history":[{"count":24,"href":"http:\/\/club.algonum.org\/index.php\/wp-json\/wp\/v2\/pages\/10\/revisions"}],"predecessor-version":[{"id":104,"href":"http:\/\/club.algonum.org\/index.php\/wp-json\/wp\/v2\/pages\/10\/revisions\/104"}],"wp:attachment":[{"href":"http:\/\/club.algonum.org\/index.php\/wp-json\/wp\/v2\/media?parent=10"}],"curies":[{"name":"wp","href":"https:\/\/api.w.org\/{rel}","templated":true}]}}